{"id":74,"date":"2014-01-21T00:15:20","date_gmt":"2014-01-20T23:15:20","guid":{"rendered":"http:\/\/quemalpuedehacer.es\/blog\/?page_id=74"},"modified":"2015-05-31T12:15:45","modified_gmt":"2015-05-31T10:15:45","slug":"moderacion-de-comentarios","status":"publish","type":"page","link":"https:\/\/quemalpuedehacer.es\/blog\/blog-contacto\/moderacion-de-comentarios\/","title":{"rendered":"Moderaci\u00f3n de comentarios"},"content":{"rendered":"<p><strong>Todos<\/strong> los comentarios que se publiquen en <strong>\u00bfQu\u00e9 mal puede hacer?<\/strong> tendr\u00e1n<strong> moderaci\u00f3n previa<\/strong>, pudiendo ser publicada, si as\u00ed se estima, solo parte del comentario (como pudieran ser <strong><em>palabras malsonantes<\/em><\/strong>)<\/p>\n<p>En todo caso se indicar\u00e1 que el comentario ha sufrido una moderaci\u00f3n y, si procede y as\u00ed se decide, el motivo.<\/p>\n<ul>\n<li>Tem\u00e1tica: El comentario debe estar relacionado con el post en que se haga, o con la tem\u00e1tica general de la web.<\/li>\n<li>Cr\u00edtica: Todas ser\u00e1n bienvenidas si son de car\u00e1cter constructivo. No se permitir\u00e1n faltas al respeto (de la web y su autor\/es, o de otros comentarios) ni vertir mentiras o difamaciones.<\/li>\n<li>Publicidad: Los comentarios que contengan publicidad o promoci\u00f3n de otras webs, se publicar\u00e1n a criterio del moderador, valorando tem\u00e1tica, calidad, etc.<\/li>\n<li>Repetitivo: El comentario repetitivo, que no aporte nada al resto de lectores, tambi\u00e9n ser\u00e1 moderado.<\/li>\n<\/ul>\n<p>En cualquier caso, la moderaci\u00f3n queda a criterio de este sitio web, que no se hace responsable de los comentarios externos a la misma y de cualquier tipo de implicaci\u00f3n legal que pudieran tener.<\/p>\n<p>La posibilidad de comentar se cierra autom\u00e1ticamente 180 d\u00edas despu\u00e9s de la publicaci\u00f3n del art\u00edculo o p\u00e1gina. Si alguien desease a\u00f1adir alg\u00fan comentario adicional deber\u00e1 avisarnos por <a href=\"mailto:info@quemalpuedehacer.es\" target=\"_blank\">email<\/a> para permitirlo.<\/p>\n<h6><em>actualizado 01\/02\/2015<\/em><\/h6>\n","protected":false},"excerpt":{"rendered":"<p>Todos los comentarios que se publiquen en \u00bfQu\u00e9 mal puede hacer? tendr\u00e1n moderaci\u00f3n previa, pudiendo ser publicada, si as\u00ed se estima, solo parte del comentario (como pudieran ser palabras malsonantes) En todo caso se indicar\u00e1 que el comentario ha sufrido&hellip;  <\/p>\n<p class=\"more-link\"><a href=\"https:\/\/quemalpuedehacer.es\/blog\/blog-contacto\/moderacion-de-comentarios\/\">Seguir leyendo <span class=\"meta-nav\">&rarr;<\/span><\/a><\/p>\n","protected":false},"author":1,"featured_media":0,"parent":14,"menu_order":0,"comment_status":"closed","ping_status":"closed","template":"","meta":{"spay_email":""},"yoast_head":"<!-- This site is optimized with the Yoast SEO plugin v16.1.1 - https:\/\/yoast.com\/wordpress\/plugins\/seo\/ -->\n<meta name=\"description\" content=\"Moderaci\u00f3n de comentarios\" \/>\n<link rel=\"canonical\" href=\"http:\/\/quemalpuedehacer.es\/blog\/blog-contacto\/moderacion-de-comentarios\/\" \/>\n<meta name=\"twitter:label1\" content=\"Tiempo de lectura\">\n\t<meta name=\"twitter:data1\" content=\"1 minuto\">\n<script type=\"application\/ld+json\" class=\"yoast-schema-graph\">{\"@context\":\"https:\/\/schema.org\",\"@graph\":[{\"@type\":\"Organization\",\"@id\":\"https:\/\/quemalpuedehacer.es\/blog\/#organization\",\"name\":\"\\u00bfQu\\u00e9 mal puede hacer?\",\"url\":\"https:\/\/quemalpuedehacer.es\/blog\/\",\"sameAs\":[],\"logo\":{\"@type\":\"ImageObject\",\"@id\":\"https:\/\/quemalpuedehacer.es\/blog\/#logo\",\"inLanguage\":\"es\",\"url\":\"https:\/\/quemalpuedehacer.es\/blog\/wp-content\/uploads\/2014\/01\/logo-que-mal-puede-hacer.png\",\"contentUrl\":\"https:\/\/quemalpuedehacer.es\/blog\/wp-content\/uploads\/2014\/01\/logo-que-mal-puede-hacer.png\",\"width\":2700,\"height\":2343,\"caption\":\"\\u00bfQu\\u00e9 mal puede hacer?\"},\"image\":{\"@id\":\"https:\/\/quemalpuedehacer.es\/blog\/#logo\"}},{\"@type\":\"WebSite\",\"@id\":\"https:\/\/quemalpuedehacer.es\/blog\/#website\",\"url\":\"https:\/\/quemalpuedehacer.es\/blog\/\",\"name\":\"\\u00bfQu\\u00e9 mal puede hacer? Blog\",\"description\":\"Contra las pseudociencias y los da\\u00f1os que causan\",\"publisher\":{\"@id\":\"https:\/\/quemalpuedehacer.es\/blog\/#organization\"},\"potentialAction\":[{\"@type\":\"SearchAction\",\"target\":\"https:\/\/quemalpuedehacer.es\/blog\/?s={search_term_string}\",\"query-input\":\"required name=search_term_string\"}],\"inLanguage\":\"es\"},{\"@type\":\"WebPage\",\"@id\":\"http:\/\/quemalpuedehacer.es\/blog\/blog-contacto\/moderacion-de-comentarios\/#webpage\",\"url\":\"http:\/\/quemalpuedehacer.es\/blog\/blog-contacto\/moderacion-de-comentarios\/\",\"name\":\"Moderaci\\u00f3n de comentarios - QMPH-Blog\",\"isPartOf\":{\"@id\":\"https:\/\/quemalpuedehacer.es\/blog\/#website\"},\"datePublished\":\"2014-01-20T23:15:20+00:00\",\"dateModified\":\"2015-05-31T10:15:45+00:00\",\"description\":\"Moderaci\\u00f3n de comentarios\",\"breadcrumb\":{\"@id\":\"http:\/\/quemalpuedehacer.es\/blog\/blog-contacto\/moderacion-de-comentarios\/#breadcrumb\"},\"inLanguage\":\"es\",\"potentialAction\":[{\"@type\":\"ReadAction\",\"target\":[\"http:\/\/quemalpuedehacer.es\/blog\/blog-contacto\/moderacion-de-comentarios\/\"]}]},{\"@type\":\"BreadcrumbList\",\"@id\":\"http:\/\/quemalpuedehacer.es\/blog\/blog-contacto\/moderacion-de-comentarios\/#breadcrumb\",\"itemListElement\":[{\"@type\":\"ListItem\",\"position\":1,\"item\":{\"@type\":\"WebPage\",\"@id\":\"https:\/\/quemalpuedehacer.es\/blog\/\",\"url\":\"https:\/\/quemalpuedehacer.es\/blog\/\",\"name\":\"Portada\"}},{\"@type\":\"ListItem\",\"position\":2,\"item\":{\"@type\":\"WebPage\",\"@id\":\"https:\/\/quemalpuedehacer.es\/blog\/blog-contacto\/\",\"url\":\"https:\/\/quemalpuedehacer.es\/blog\/blog-contacto\/\",\"name\":\"CONTACTO\"}},{\"@type\":\"ListItem\",\"position\":3,\"item\":{\"@type\":\"WebPage\",\"@id\":\"http:\/\/quemalpuedehacer.es\/blog\/blog-contacto\/moderacion-de-comentarios\/\",\"url\":\"http:\/\/quemalpuedehacer.es\/blog\/blog-contacto\/moderacion-de-comentarios\/\",\"name\":\"Moderaci\\u00f3n de comentarios\"}}]}]}<\/script>\n<!-- \/ Yoast SEO plugin. -->","jetpack_sharing_enabled":true,"_links":{"self":[{"href":"https:\/\/quemalpuedehacer.es\/blog\/wp-json\/wp\/v2\/pages\/74"}],"collection":[{"href":"https:\/\/quemalpuedehacer.es\/blog\/wp-json\/wp\/v2\/pages"}],"about":[{"href":"https:\/\/quemalpuedehacer.es\/blog\/wp-json\/wp\/v2\/types\/page"}],"author":[{"embeddable":true,"href":"https:\/\/quemalpuedehacer.es\/blog\/wp-json\/wp\/v2\/users\/1"}],"replies":[{"embeddable":true,"href":"https:\/\/quemalpuedehacer.es\/blog\/wp-json\/wp\/v2\/comments?post=74"}],"version-history":[{"count":0,"href":"https:\/\/quemalpuedehacer.es\/blog\/wp-json\/wp\/v2\/pages\/74\/revisions"}],"up":[{"embeddable":true,"href":"https:\/\/quemalpuedehacer.es\/blog\/wp-json\/wp\/v2\/pages\/14"}],"wp:attachment":[{"href":"https:\/\/quemalpuedehacer.es\/blog\/wp-json\/wp\/v2\/media?parent=74"}],"curies":[{"name":"wp","href":"https:\/\/api.w.org\/{rel}","templated":true}]}}