{"id":1243,"date":"2015-04-12T12:42:47","date_gmt":"2015-04-12T10:42:47","guid":{"rendered":"http:\/\/quemalpuedehacer.es\/blog\/?page_id=1243"},"modified":"2015-05-31T12:15:38","modified_gmt":"2015-05-31T10:15:38","slug":"aviso-legal-politica-de-privacidad","status":"publish","type":"page","link":"https:\/\/quemalpuedehacer.es\/blog\/blog-contacto\/aviso-legal-politica-de-privacidad\/","title":{"rendered":"Aviso legal y Pol\u00edtica de privacidad"},"content":{"rendered":"<h3>IDENTIFICACI\u00d3N Y TITULARIDAD<\/h3>\n<p style=\"text-align: justify;\">En cumplimiento con el deber de informaci\u00f3n recogido en <em>art\u00edculo 10<\/em> de la <em>Ley 34\/2002, de 11 de julio, de Servicios de la Sociedad de la Informaci\u00f3n y del Comercio Electr\u00f3nico<\/em> a continuaci\u00f3n se declara <em><strong>\u00ab\u00bfQu\u00e9 mal puede hacer?\u00bb<\/strong><\/em> como un sitio web personal gestionado por su propietario Isidoro J. Mart\u00ednez V\u00e9lez con DNI 77567018R (en adelante, \u201cel prestador\u201d) con domicilio en Jumilla, provincia de Murcia, Espa\u00f1a.<\/p>\n<h3>RESPONSABILIDAD<\/h3>\n<p style=\"text-align: justify;\">Toda persona que acceda a este sitio web asume el papel de usuario, comprometi\u00e9ndose a la observancia y cumplimiento riguroso de las disposiciones aqu\u00ed dispuestas, as\u00ed como a cualquier otra disposici\u00f3n legal que fuera de aplicaci\u00f3n.<\/p>\n<p style=\"text-align: justify;\">El prestador se exime de cualquier tipo de responsabilidad derivada de la informaci\u00f3n publicada en su sitio web y por la falta de disponibilidad (ca\u00eddas) del sitio el cual efectuar\u00e1 adem\u00e1s paradas peri\u00f3dicas por mantenimientos t\u00e9cnicos. Adem\u00e1s, el prestador se reserva el derecho a modificar cualquier tipo de informaci\u00f3n que pudiera aparecer en el sitio web, sin que exista obligaci\u00f3n de preavisar o poner en conocimiento de los usuarios dichas obligaciones, entendi\u00e9ndose como suficiente con la publicaci\u00f3n en el sitio web del prestador.<\/p>\n<p><strong>PROTECCI\u00d3N DE DATOS<\/strong><\/p>\n<p style=\"text-align: justify;\">Autorizaci\u00f3n administrativa: De conformidad con lo dispuesto en la Ley Org\u00e1nica 15\/1999, de Protecci\u00f3n de Datos de Car\u00e1cter Personal (LOPD) y su normativa de desarrollo, el responsable del sitio web, en cumplimiento de lo dispuesto en el art. 5 y 6 de la LOPD, informa a todos los usuarios del sitio web que faciliten o vayan a facilitar sus datos personales, que estos ser\u00e1n incorporados en un fichero automatizado registrado en la Agencia Espa\u00f1ola de Protecci\u00f3n de Datos con fecha 24\/04\/2015 y c\u00f3digo de inscripci\u00f3n n\u00ba 2151141230.<\/p>\n<p>La utilizaci\u00f3n del sitio Web http:\/\/quemalpuedehacer.es y su blog http:\/\/blog.quemalpuedehacer.es por parte del usuario supone la aceptaci\u00f3n plena de la Condiciones Generales que aqu\u00ed se especifican, por lo que si el usuario no est\u00e1 de acuerdo con las mismas deber\u00e1 abstenerse de utilizar el sitio Web.<\/p>\n<p>Los usuarios adem\u00e1s aceptan expresamente y de forma libre e inequ\u00edvoca, mediante la utilizaci\u00f3n del blog, que sus datos personales sean tratados por parte del prestador para realizar estudios estad\u00edsticos cuyos resultados ser\u00e1n susceptibles de publicaci\u00f3n.<\/p>\n<h3>CESI\u00d3N Y SEGURIDAD DE DATOS<\/h3>\n<p style=\"text-align: justify;\">El sitio web <em>\u00ab\u00bfQu\u00e9 mal puede hacer?\u00bb<\/em> informa y garantiza expresamente a los usuarios que sus datos personales no ser\u00e1n cedidos en ning\u00fan caso a terceras compa\u00f1\u00edas, y que siempre que fuera a realizarse alg\u00fan tipo de cesi\u00f3n de datos personales, de forma previa, se solicitar\u00eda el consentimiento expreso, informado, e inequ\u00edvoco por parte de los titulares.<\/p>\n<p>Todos los datos solicitados a trav\u00e9s del sitio web son obligatorios, ya que son necesarios para la prestaci\u00f3n de un servicio \u00f3ptimo al usuario. En caso de que no sean facilitados todos los datos, el prestador no garantiza que la informaci\u00f3n y servicios facilitados sean completamente ajustados a sus necesidades.<\/p>\n<p>El prestador garantiza en todo caso al usuario el ejercicio de los derechos de acceso, rectificaci\u00f3n, cancelaci\u00f3n, informaci\u00f3n y oposici\u00f3n, en los t\u00e9rminos dispuestos en la legislaci\u00f3n vigente. Por ello, de conformidad con lo dispuesto en la Ley Org\u00e1nica 15\/1999, de Protecci\u00f3n de Datos de Car\u00e1cter Personal (LOPD) podr\u00e1 ejercer sus derechos remitiendo una solicitud expresa, junto a una copia de su DNI, a trav\u00e9s de:<\/p>\n<p><strong>E-Mail:<\/strong> <em><strong>info@quemalpuedehacer.es<\/strong><\/em><\/p>\n<p>Del mismo modo, el usuario podr\u00e1 darse de baja de cualquiera de los servicios de suscripci\u00f3n facilitados haciendo clic en el apartado darse de baja de todos los correos electr\u00f3nicos remitidos por parte del prestador.<\/p>\n<p>Del mismo modo, el prestador ha adoptado todas las medidas t\u00e9cnicas y de organizaci\u00f3n necesarias para garantizar la seguridad e integridad de los datos de car\u00e1cter personal que trate, as\u00ed como para evitar su p\u00e9rdida, alteraci\u00f3n y\/o acceso por parte de terceros no autorizados.<\/p>\n<h3>USO DE COOKIES Y FICHERO DE ACTIVIDAD<\/h3>\n<p style=\"text-align: justify;\">El prestador por su propia cuenta o la de un tercero contratado para la prestaci\u00f3n de servicios de medici\u00f3n, pueden utilizar cookies cuando un usuario navega por el sitio web. Las cookies son ficheros enviados al navegador por medio de un servidor web con la finalidad de registrar las actividades del usuario durante su tiempo de navegaci\u00f3n.<\/p>\n<p style=\"text-align: justify;\">Las cookies utilizadas por el sitio web se asocian \u00fanicamente con un usuario an\u00f3nimo y su ordenador, y no proporcionan por s\u00ed mismas los datos personales del usuario.<\/p>\n<p style=\"text-align: justify;\">Mediante el uso de las cookies resulta posible que el servidor donde se encuentra la web, reconozca el navegador web utilizado por el usuario con la finalidad de que la navegaci\u00f3n sea m\u00e1s sencilla, permitiendo, por ejemplo, el acceso a los usuarios que se hayan registrado previamente, acceder a las \u00e1reas, servicios, promociones o concursos reservados exclusivamente a ellos sin tener que registrarse en cada visita. Se utilizan tambi\u00e9n para medir la audiencia y par\u00e1metros del tr\u00e1fico, controlar el progreso y n\u00famero de entradas.<\/p>\n<p style=\"text-align: justify;\">El usuario tiene la posibilidad de configurar su navegador para ser avisado de la recepci\u00f3n de cookies y para impedir su instalaci\u00f3n en su equipo. Por favor, consulte las instrucciones y manuales de su navegador para ampliar esta informaci\u00f3n.<\/p>\n<p style=\"text-align: justify;\">Para utilizar el sitio web, no resulta necesario que el usuario permita la instalaci\u00f3n de las cookies enviadas por el sitio web, o el tercero que act\u00fae en su nombre, sin perjuicio de que sea necesario que el usuario inicie una sesi\u00f3n como tal en cada uno de los servicios cuya prestaci\u00f3n requiera el previo registro o \u201clogin\u201d.<\/p>\n<p style=\"text-align: justify;\">Las cookies utilizadas en este sitio web tienen, en todo caso, car\u00e1cter temporal con la \u00fanica finalidad de hacer m\u00e1s eficaz su transmisi\u00f3n ulterior. En ning\u00fan caso se utilizar\u00e1n las cookies para recoger informaci\u00f3n de car\u00e1cter personal.<\/p>\n<h3>GOOGLE ANALYTICS<\/h3>\n<p style=\"text-align: justify;\">Este sitio web utiliza Google Analytics, un servicio anal\u00edtico de web prestado por Google, Inc., una compa\u00f1\u00eda de Delaware cuya oficina principal est\u00e1 en 1600 Amphitheatre Parkway, Mountain View (California), CA 94043, Estados Unidos (\u201cGoogle\u201d). Google Analytics utiliza \u201ccookies\u201d, que son archivos de texto ubicados en su ordenador, para ayudar al website a analizar el uso que hacen los usuarios del sitio web. La informaci\u00f3n que genera la cookie acerca de su uso del website (incluyendo su direcci\u00f3n IP) ser\u00e1 directamente transmitida y archivada por Google en los servidores de Estados Unidos. Google usar\u00e1 esta informaci\u00f3n por cuenta nuestra con el prop\u00f3sito de seguir la pista de su uso del website, recopilando informes de la actividad del website y prestando otros servicios relacionados con la actividad del website y el uso de Internet. Google podr\u00e1 transmitir dicha informaci\u00f3n a terceros cuando as\u00ed se lo requiera la legislaci\u00f3n, o cuando dichos terceros procesen la informaci\u00f3n por cuenta de Google. Google no asociar\u00e1 su direcci\u00f3n IP con ning\u00fan otro dato del que disponga Google. Puede Usted rechazar el tratamiento de los datos o la informaci\u00f3n rechazando el uso de cookies mediante la selecci\u00f3n de la configuraci\u00f3n apropiada de su navegador, sin embargo, debe Usted saber que si lo hace puede ser que no pueda usar la plena funcionabilidad de este website. Al utilizar este website Usted consiente el tratamiento de informaci\u00f3n acerca de Usted por Google en la forma y para los fines arriba indicados.<\/p>\n<h3>SERVIDOR<\/h3>\n<p>Por razones t\u00e9cnicas y de calidad de servicio, <em>\u00ab\u00bfQu\u00e9 mal puede hacer?\u00bb<\/em> se encuentra alojado en los servidores de la empresa\u00a0<a href=\"http:\/\/www.ovh.es\/soporte\/documentos_legales\/\" target=\"_blank\" rel=\"nofollow\">OVH\u00a0 HISPANO,\u00a0 S.L.U.<\/a><\/p>\n<h3>POL\u00cdTICA ANTI-SPAM<\/h3>\n<p style=\"text-align: justify;\">El prestador se declara completamente en contra del env\u00edo de comunicaciones comerciales no solicitadas y a cualquier tipo de conducta o manifestaci\u00f3n conocida como \u201cspam\u201d, asimismo se declara comprometido con la lucha contra este tipo de pr\u00e1cticas abusivas.<\/p>\n<p>Por tanto, el prestador garantiza al usuario a que bajo ning\u00fan concepto los datos personales recogidos en el sitio web ser\u00e1n cedidos, compartidos, transferidos, ni vendidos a ning\u00fan tercero.<\/p>\n<p>Por las mismas razones, la introducci\u00f3n de tados personales no debe ser utilizado para inscribir direcciones de correo de personas ajenas sin el consentimiento expreso de las personas afectadas.<\/p>\n<p>En caso de que esto suceda, el usuario afectado puede ponerse en contacto con nosotros a trav\u00e9s del email antes referido, tanto para comunicar lo sucedido como para solicitar la eliminaci\u00f3n inmediata de sus datos de nuestro sistema.<\/p>\n<h3>CONSENTIMIENTO AL TRATAMIENTO DE LOS DATOS PERSONALES DEL USUARIO<\/h3>\n<p style=\"text-align: justify;\">En el marco de sus actividades, <em>\u00ab\u00bfQu\u00e9 mal puede hacer?\u00bb<\/em> dispone de la posibilidad de efectuar comentarios en el blog (http:\/\/blog.quemalpuedehacer.es) y suscripci\u00f3n de los usuarios para seguimiento de respuestas a sus comentarios, suscripci\u00f3n de los usuarios para recibir notificaci\u00f3n de las actualizaciones de dicho blog y de la web principal,\u00a0 y las direcciones de email para recibir sus mensajes.<\/p>\n<p style=\"text-align: justify;\">El usuario mediante los actos de suscripci\u00f3n, la realizaci\u00f3n comentarios o env\u00edo de email estar\u00e1 dando su consentimiento expreso al tratamiento de los personales proporcionados seg\u00fan lo dispuesto en el art\u00edculo 6 de la LOPD. El usuario podr\u00e1 ejercer sus derechos en los t\u00e9rminos dispuestos por el art\u00edculo 5 de la LOPD.<\/p>\n<p style=\"text-align: justify;\">Estos mismos actos implican asimismo el consentimiento expreso del usuario a la transferencia internacional de datos que se produce en t\u00e9rminos de la LOPD debido a la ubicaci\u00f3n f\u00edsica de las instalaciones de los proveedores arriba mencionados.<\/p>\n<p style=\"text-align: justify;\">Los datos de car\u00e1cter personal solicitados en estas actividades, quedar\u00e1n incorporados a un fichero cuya finalidad es la expresada anteriormente, actuando como responsable del fichero el prestador. Los campos marcados con asterisco son de cumplimentaci\u00f3n obligatoria, siendo imposible realizar la finalidad expresada si no se aportan estos datos. Queda igualmente informado de la posibilidad de ejercitar los derechos que se indican en el apartado relativo a los Derechos del usuario.<\/p>\n<h3 style=\"text-align: justify;\">DERECHOS DEL USUARIO<\/h3>\n<p style=\"text-align: justify;\">De conformidad con lo establecido en el art\u00edculo 5 de la LOPD, se informa al usuario que la finalidad exclusiva de la base de datos de registro es la citada anteriormente. \u00danicamente los titulares tendr\u00e1n acceso a sus datos, y bajo ning\u00fan concepto, estos datos ser\u00e1n cedidos, compartidos, transferidos, ni vendidos a ning\u00fan tercero.<\/p>\n<p>De acuerdo con lo dispuesto en la LOPD, el usuario en cualquier momento podr\u00e1 ejercitar sus derechos de acceso, rectificaci\u00f3n, cancelaci\u00f3n, y oposici\u00f3n ante el prestador.<\/p>\n<p>Para facilitar el ejercicio de estos derechos se facilita el email antes citado: info@quemalpuedehacer.es.<\/p>\n<h3 style=\"text-align: justify;\">PROPIEDAD INTELECTUAL<\/h3>\n<p style=\"text-align: justify;\">Esta obra est\u00e1 bajo una <a href=\"https:\/\/creativecommons.org\/licenses\/by-nc-nd\/3.0\/es\/\" target=\"_blank\" rel=\"nofollow\">licencia de Creative Commons Reconocimiento-NoComercial-SinObraDerivada 3.0 Espa\u00f1a<\/a>.<\/p>\n<p>Usted es libre de copiar, distribuir y comunicar p\u00fablicamente la obra<\/p>\n<p>Bajo las condiciones siguientes:<\/p>\n<ul>\n<li style=\"text-align: justify;\">Reconocimiento \u2014 Debe reconocer los cr\u00e9ditos de la obra de la manera especificada por el autor o el licenciador (pero no de una manera que sugiera que tiene su apoyo o apoyan el uso que hace de su obra).<\/li>\n<li style=\"text-align: justify;\">No comercial \u2014 No puede utilizar esta obra para fines comerciales.<\/li>\n<li style=\"text-align: justify;\">Sin obras derivadas \u2014 No se puede alterar, transformar o generar una obra derivada a partir de esta obra.<\/li>\n<\/ul>\n<p style=\"text-align: justify;\">Entendiendo que:<\/p>\n<ul>\n<li style=\"text-align: justify;\">Renuncia \u2014 Alguna de estas condiciones puede no aplicarse si se obtiene el permiso del titular de los derechos de autor.<\/li>\n<li style=\"text-align: justify;\">Dominio P\u00fablico \u2014 Cuando la obra o alguno de sus elementos se halle en el dominio p\u00fablico seg\u00fan la ley vigente aplicable, esta situaci\u00f3n no quedar\u00e1 afectada por la licencia.<\/li>\n<li style=\"text-align: justify;\">Otros derechos \u2014 Los derechos siguientes no quedan afectados por la licencia de ninguna manera:\n<ul>\n<li style=\"text-align: justify;\">Los derechos derivados de usos leg\u00edtimos u otras limitaciones reconocidas por ley no se ven afectados por lo anterior.<\/li>\n<li style=\"text-align: justify;\">Los derechos morales del autor.<\/li>\n<li style=\"text-align: justify;\">Derechos que pueden ostentar otras personas sobre la propia obra o su uso, como por ejemplo derechos de imagen o de privacidad.<\/li>\n<\/ul>\n<\/li>\n<\/ul>\n<p style=\"text-align: justify;\">Aviso: Al reutilizar o distribuir la obra, tiene que dejar bien claro los t\u00e9rminos de la licencia de esta obra.<\/p>\n<h3 style=\"text-align: justify;\">LEY APLICABLE Y JURISDICCION<\/h3>\n<p style=\"text-align: justify;\">Para la resoluci\u00f3n de todas las controversias o cuestiones relacionadas con el presente sitio web o de las actividades en \u00e9l desarrolladas, ser\u00e1 de aplicaci\u00f3n la legislaci\u00f3n espa\u00f1ola, a la que se someten expresamente las partes.<\/p>\n<p style=\"text-align: justify;\"><em>En Jumilla, a 12 de abril de 2015<\/em><\/p>\n","protected":false},"excerpt":{"rendered":"<p>IDENTIFICACI\u00d3N Y TITULARIDAD En cumplimiento con el deber de informaci\u00f3n recogido en art\u00edculo 10 de la Ley 34\/2002, de 11 de julio, de Servicios de la Sociedad de la Informaci\u00f3n y del Comercio Electr\u00f3nico a continuaci\u00f3n se declara \u00ab\u00bfQu\u00e9 mal&hellip;  <\/p>\n<p class=\"more-link\"><a href=\"https:\/\/quemalpuedehacer.es\/blog\/blog-contacto\/aviso-legal-politica-de-privacidad\/\">Seguir leyendo <span class=\"meta-nav\">&rarr;<\/span><\/a><\/p>\n","protected":false},"author":1,"featured_media":0,"parent":14,"menu_order":0,"comment_status":"closed","ping_status":"closed","template":"","meta":{"spay_email":""},"yoast_head":"<!-- This site is optimized with the Yoast SEO plugin v16.1.1 - https:\/\/yoast.com\/wordpress\/plugins\/seo\/ -->\n<meta name=\"description\" content=\"Pol\u00edtica de privacidad y avisos legales del sitio web &quot;\u00bfQu\u00e9 mal puede hacer?&quot;\" \/>\n<link rel=\"canonical\" href=\"https:\/\/quemalpuedehacer.es\/blog\/blog-contacto\/aviso-legal-politica-de-privacidad\/\" \/>\n<meta name=\"twitter:label1\" content=\"Tiempo de lectura\">\n\t<meta name=\"twitter:data1\" content=\"10 minutos\">\n<script type=\"application\/ld+json\" class=\"yoast-schema-graph\">{\"@context\":\"https:\/\/schema.org\",\"@graph\":[{\"@type\":\"Organization\",\"@id\":\"https:\/\/quemalpuedehacer.es\/blog\/#organization\",\"name\":\"\\u00bfQu\\u00e9 mal puede hacer?\",\"url\":\"https:\/\/quemalpuedehacer.es\/blog\/\",\"sameAs\":[],\"logo\":{\"@type\":\"ImageObject\",\"@id\":\"https:\/\/quemalpuedehacer.es\/blog\/#logo\",\"inLanguage\":\"es\",\"url\":\"https:\/\/quemalpuedehacer.es\/blog\/wp-content\/uploads\/2014\/01\/logo-que-mal-puede-hacer.png\",\"contentUrl\":\"https:\/\/quemalpuedehacer.es\/blog\/wp-content\/uploads\/2014\/01\/logo-que-mal-puede-hacer.png\",\"width\":2700,\"height\":2343,\"caption\":\"\\u00bfQu\\u00e9 mal puede hacer?\"},\"image\":{\"@id\":\"https:\/\/quemalpuedehacer.es\/blog\/#logo\"}},{\"@type\":\"WebSite\",\"@id\":\"https:\/\/quemalpuedehacer.es\/blog\/#website\",\"url\":\"https:\/\/quemalpuedehacer.es\/blog\/\",\"name\":\"\\u00bfQu\\u00e9 mal puede hacer? Blog\",\"description\":\"Contra las pseudociencias y los da\\u00f1os que causan\",\"publisher\":{\"@id\":\"https:\/\/quemalpuedehacer.es\/blog\/#organization\"},\"potentialAction\":[{\"@type\":\"SearchAction\",\"target\":\"https:\/\/quemalpuedehacer.es\/blog\/?s={search_term_string}\",\"query-input\":\"required name=search_term_string\"}],\"inLanguage\":\"es\"},{\"@type\":\"WebPage\",\"@id\":\"https:\/\/quemalpuedehacer.es\/blog\/blog-contacto\/aviso-legal-politica-de-privacidad\/#webpage\",\"url\":\"https:\/\/quemalpuedehacer.es\/blog\/blog-contacto\/aviso-legal-politica-de-privacidad\/\",\"name\":\"Aviso legal y Pol\\u00edtica de privacidad - QMPH-Blog\",\"isPartOf\":{\"@id\":\"https:\/\/quemalpuedehacer.es\/blog\/#website\"},\"datePublished\":\"2015-04-12T10:42:47+00:00\",\"dateModified\":\"2015-05-31T10:15:38+00:00\",\"description\":\"Pol\\u00edtica de privacidad y avisos legales del sitio web \\\"\\u00bfQu\\u00e9 mal puede hacer?\\\"\",\"breadcrumb\":{\"@id\":\"https:\/\/quemalpuedehacer.es\/blog\/blog-contacto\/aviso-legal-politica-de-privacidad\/#breadcrumb\"},\"inLanguage\":\"es\",\"potentialAction\":[{\"@type\":\"ReadAction\",\"target\":[\"https:\/\/quemalpuedehacer.es\/blog\/blog-contacto\/aviso-legal-politica-de-privacidad\/\"]}]},{\"@type\":\"BreadcrumbList\",\"@id\":\"https:\/\/quemalpuedehacer.es\/blog\/blog-contacto\/aviso-legal-politica-de-privacidad\/#breadcrumb\",\"itemListElement\":[{\"@type\":\"ListItem\",\"position\":1,\"item\":{\"@type\":\"WebPage\",\"@id\":\"https:\/\/quemalpuedehacer.es\/blog\/\",\"url\":\"https:\/\/quemalpuedehacer.es\/blog\/\",\"name\":\"Portada\"}},{\"@type\":\"ListItem\",\"position\":2,\"item\":{\"@type\":\"WebPage\",\"@id\":\"https:\/\/quemalpuedehacer.es\/blog\/blog-contacto\/\",\"url\":\"https:\/\/quemalpuedehacer.es\/blog\/blog-contacto\/\",\"name\":\"CONTACTO\"}},{\"@type\":\"ListItem\",\"position\":3,\"item\":{\"@type\":\"WebPage\",\"@id\":\"https:\/\/quemalpuedehacer.es\/blog\/blog-contacto\/aviso-legal-politica-de-privacidad\/\",\"url\":\"https:\/\/quemalpuedehacer.es\/blog\/blog-contacto\/aviso-legal-politica-de-privacidad\/\",\"name\":\"Aviso legal y Pol\\u00edtica de privacidad\"}}]}]}<\/script>\n<!-- \/ Yoast SEO plugin. -->","jetpack_sharing_enabled":false,"_links":{"self":[{"href":"https:\/\/quemalpuedehacer.es\/blog\/wp-json\/wp\/v2\/pages\/1243"}],"collection":[{"href":"https:\/\/quemalpuedehacer.es\/blog\/wp-json\/wp\/v2\/pages"}],"about":[{"href":"https:\/\/quemalpuedehacer.es\/blog\/wp-json\/wp\/v2\/types\/page"}],"author":[{"embeddable":true,"href":"https:\/\/quemalpuedehacer.es\/blog\/wp-json\/wp\/v2\/users\/1"}],"replies":[{"embeddable":true,"href":"https:\/\/quemalpuedehacer.es\/blog\/wp-json\/wp\/v2\/comments?post=1243"}],"version-history":[{"count":0,"href":"https:\/\/quemalpuedehacer.es\/blog\/wp-json\/wp\/v2\/pages\/1243\/revisions"}],"up":[{"embeddable":true,"href":"https:\/\/quemalpuedehacer.es\/blog\/wp-json\/wp\/v2\/pages\/14"}],"wp:attachment":[{"href":"https:\/\/quemalpuedehacer.es\/blog\/wp-json\/wp\/v2\/media?parent=1243"}],"curies":[{"name":"wp","href":"https:\/\/api.w.org\/{rel}","templated":true}]}}