{"id":16,"date":"2014-01-05T11:30:59","date_gmt":"2014-01-05T10:30:59","guid":{"rendered":"http:\/\/quemalpuedehacer.es\/?page_id=16"},"modified":"2015-06-21T12:00:10","modified_gmt":"2015-06-21T10:00:10","slug":"blog-enlaces","status":"publish","type":"page","link":"http:\/\/quemalpuedehacer.es\/blog\/blog-enlaces\/","title":{"rendered":"ENLACES"},"content":{"rendered":"<h3>Enlaces de inter\u00e9s:<\/h3>\n<ul>\n<li>Asociaci\u00f3n de Divulgaci\u00f3n Cient\u00edfica de la Regi\u00f3n de Murcia (<a href=\"https:\/\/twitter.com\/ADCMurcia\" target=\"_blank\">@ADCMurcia<\/a>): <a title=\"Asociaci\u00f3n de Divulgaci\u00f3n Cient\u00edfica de la Regi\u00f3n de Murcia\" href=\"http:\/\/murciadivulga.com\" target=\"_blank\">http:\/\/murciadivulga.com<\/a><\/li>\n<li>Magufos <a href=\"https:\/\/twitter.com\/Magufos\" target=\"_blank\">(@Magufos)<\/a>: <a title=\"Magufos\" href=\"http:\/\/magufos.com\" target=\"_blank\">http:\/\/magufos.com<\/a><\/li>\n<li>La lista de la verg\u00fcenza (<a href=\"https:\/\/twitter.com\/lista_verguenza\" target=\"_blank\">@lista_verguenza<\/a>), Fernando Fr\u00edas, (<a href=\"https:\/\/twitter.com\/FerFrias\" target=\"_blank\">@FerFrias<\/a>): <a title=\"La lista de la verg\u00fcenza\" href=\"http:\/\/listadelaverguenza.naukas.com\/\" target=\"_blank\">http:\/\/listadelaverguenza.naukas.com\/<\/a><\/li>\n<li>Magonia (Luis Alfonso G\u00e1mez, <a href=\"https:\/\/twitter.com\/lagamez\" target=\"_blank\">@lagamez<\/a>): <a title=\"Magonia (Luis Alfonso G\u00e1mez)\" href=\"http:\/\/blogs.elcorreo.com\/magonia\/\" target=\"_blank\">http:\/\/blogs.elcorreo.com\/magonia\/<\/a><\/li>\n<li>Scientia (Jose Manuel L\u00f3pez Nicol\u00e1s, <a href=\"https:\/\/twitter.com\/ScientiaJMLN\" target=\"_blank\">@ScientiaJMLN<\/a>): <a href=\"http:\/\/scientiablog.com\/\" target=\"_blank\">http:\/\/scientiablog.com<\/a><\/li>\n<li>Ese punto azul p\u00e1lido (Daniel Torregrosa, <a href=\"https:\/\/twitter.com\/DaniEPAP\" target=\"_blank\">@<\/a>DaniEPAP): <a href=\"http:\/\/esepuntoazulpalido.com\/\" target=\"_blank\">http:\/\/esepuntoazulpalido.com<\/a><\/li>\n<li>Con Q de Qu\u00edmica, <a href=\"https:\/\/twitter.com\/francisconz84\" target=\"_blank\">@francisconz84<\/a> : <a href=\"http:\/\/conqdequimica.blogspot.com.es\" target=\"_blank\">http:\/\/conqdequimica.blogspot.com.es<\/a><\/li>\n<li>1\/4\u00a0 de ambiente (Txema Campillo, <a href=\"https:\/\/twitter.com\/Txemacg\" target=\"_blank\">@Txemacg<\/a>): <a href=\"http:\/\/uncuartodeambiente.es\/\" target=\"_blank\">http:\/\/uncuartodeambiente.es<\/a><\/li>\n<li>Kitaro, Onda Regional de Murcia, <a href=\"https:\/\/twitter.com\/KitaroORM\" target=\"_blank\">@KitaroORM <\/a>, (Maria Jos\u00e9 Moreno, <a href=\"https:\/\/twitter.com\/mariajo_moreno\" target=\"_blank\">@mariajo_moreno<\/a>): <a title=\"Kitaro, en Onda Regional\" href=\"http:\/\/tinyurl.com\/kitaro-ORM\" target=\"_blank\">http:\/\/tinyurl.com\/kitaro-ORM<\/a><\/li>\n<li>Tomates con genes, J.M. Mulet (<a href=\"https:\/\/twitter.com\/jmmulet\" target=\"_blank\">@jmmulet<\/a>), : <a href=\"http:\/\/jmmulet.naukas.com\" target=\"_blank\">http:\/\/jmmulet.naukas.com<\/a><\/li>\n<li>Agentes terap\u00e9uticos: ciencia o ch\u00e1chara al servicio de la salud, Eduardo Setti: <a title=\"Blog &quot;Agentes terap\u00e9uticos: ciencia o ch\u00e1chara al servicio de la salud&quot;, Eduardo Setti\" href=\"http:\/\/eduardosetti.wordpress.com\/\" target=\"_blank\">http:\/\/eduardosetti.wordpress.com\/<\/a><\/li>\n<li>Cuentos Cu\u00e1nticos (<a href=\"https:\/\/twitter.com\/Cuent_Cuanticos\" target=\"_blank\">@Cuent_Cuanticos<\/a>): <a href=\"http:\/\/cuentos-cuanticos.com\" target=\"_blank\">http:\/\/cuentos-cuanticos.com<\/a><\/li>\n<li>Indignaci\u00f3n cient\u00edfica: <a href=\"http:\/\/cientificoindignado.blogspot.com.es\" target=\"_blank\">http:\/\/cientificoindignado.blogspot.com.es<\/a><\/li>\n<li>Ya est\u00e1 el listo que todo lo sabe (Alfred L\u00f3pez, <a href=\"https:\/\/twitter.com\/yelqtls\" target=\"_blank\">@yelqtls<\/a>): <a href=\"http:\/\/blogs.20minutos.es\/yaestaellistoquetodolosabe\/\" target=\"_blank\">http:\/\/blogs.20minutos.es\/yaestaellistoquetodolosabe\/<\/a><\/li>\n<li>La Ciencia de la Mula Francis (Francis Villatoro, <a href=\"https:\/\/twitter.com\/emulenews\" target=\"_blank\">@emulenews<\/a>): <a href=\"http:\/\/francis.naukas.com\" target=\"_blank\">http:\/\/francis.naukas.com<\/a><\/li>\n<li>El profe de F\u00edsica (Arturo Quirantes, <a href=\"https:\/\/twitter.com\/elprofedefisica\" target=\"_blank\">@elprofedefisica<\/a>): <a href=\"http:\/\/elprofedefisica.naukas.com\" target=\"_blank\">http:\/\/elprofedefisica.naukas.com<\/a><\/li>\n<li>Eparquio Delgado (<a href=\"https:\/\/twitter.com\/eparquiodelgado\" target=\"_blank\">@eparquiodelgado<\/a>): <a href=\"http:\/\/www.eparquiodelgado.com\" target=\"_blank\">http:\/\/www.eparquiodelgado.com<\/a><\/li>\n<\/ul>\n<p><em><strong>Si cree que su web deber\u00eda<\/strong> (o no deber\u00eda) <strong>aparecer<\/strong> en este listado, por favor, <a href=\"info@quemalpuedehacer.es\" target=\"_blank\">env\u00edenos un email <\/a>para que lo consideremos.<\/em><\/p>\n","protected":false},"excerpt":{"rendered":"<p>Enlaces de inter\u00e9s: Asociaci\u00f3n de Divulgaci\u00f3n Cient\u00edfica de la Regi\u00f3n de Murcia (@ADCMurcia): http:\/\/murciadivulga.com Magufos (@Magufos): http:\/\/magufos.com La lista de la verg\u00fcenza (@lista_verguenza), Fernando Fr\u00edas, (@FerFrias): http:\/\/listadelaverguenza.naukas.com\/ Magonia (Luis Alfonso G\u00e1mez, @lagamez): http:\/\/blogs.elcorreo.com\/magonia\/ Scientia (Jose Manuel L\u00f3pez Nicol\u00e1s, @ScientiaJMLN): http:\/\/scientiablog.com&hellip;  <\/p>\n<p class=\"more-link\"><a href=\"http:\/\/quemalpuedehacer.es\/blog\/blog-enlaces\/\">Seguir leyendo <span class=\"meta-nav\">&rarr;<\/span><\/a><\/p>\n","protected":false},"author":1,"featured_media":0,"parent":0,"menu_order":0,"comment_status":"closed","ping_status":"closed","template":"","meta":{"spay_email":""},"yoast_head":"<!-- This site is optimized with the Yoast SEO plugin v16.1.1 - https:\/\/yoast.com\/wordpress\/plugins\/seo\/ -->\n<meta name=\"description\" content=\"Enlaces interesantes para los lectores de \u00bfQu\u00e9 mal puede hacer?\" \/>\n<link rel=\"canonical\" href=\"http:\/\/quemalpuedehacer.es\/blog\/blog-enlaces\/\" \/>\n<meta name=\"twitter:label1\" content=\"Tiempo de lectura\">\n\t<meta name=\"twitter:data1\" content=\"1 minuto\">\n<script type=\"application\/ld+json\" class=\"yoast-schema-graph\">{\"@context\":\"https:\/\/schema.org\",\"@graph\":[{\"@type\":\"Organization\",\"@id\":\"http:\/\/quemalpuedehacer.es\/blog\/#organization\",\"name\":\"\\u00bfQu\\u00e9 mal puede hacer?\",\"url\":\"http:\/\/quemalpuedehacer.es\/blog\/\",\"sameAs\":[],\"logo\":{\"@type\":\"ImageObject\",\"@id\":\"http:\/\/quemalpuedehacer.es\/blog\/#logo\",\"inLanguage\":\"es\",\"url\":\"https:\/\/quemalpuedehacer.es\/blog\/wp-content\/uploads\/2014\/01\/logo-que-mal-puede-hacer.png\",\"contentUrl\":\"https:\/\/quemalpuedehacer.es\/blog\/wp-content\/uploads\/2014\/01\/logo-que-mal-puede-hacer.png\",\"width\":2700,\"height\":2343,\"caption\":\"\\u00bfQu\\u00e9 mal puede hacer?\"},\"image\":{\"@id\":\"http:\/\/quemalpuedehacer.es\/blog\/#logo\"}},{\"@type\":\"WebSite\",\"@id\":\"http:\/\/quemalpuedehacer.es\/blog\/#website\",\"url\":\"http:\/\/quemalpuedehacer.es\/blog\/\",\"name\":\"\\u00bfQu\\u00e9 mal puede hacer? Blog\",\"description\":\"Contra las pseudociencias y los da\\u00f1os que causan\",\"publisher\":{\"@id\":\"http:\/\/quemalpuedehacer.es\/blog\/#organization\"},\"potentialAction\":[{\"@type\":\"SearchAction\",\"target\":\"http:\/\/quemalpuedehacer.es\/blog\/?s={search_term_string}\",\"query-input\":\"required name=search_term_string\"}],\"inLanguage\":\"es\"},{\"@type\":\"WebPage\",\"@id\":\"http:\/\/quemalpuedehacer.es\/blog\/blog-enlaces\/#webpage\",\"url\":\"http:\/\/quemalpuedehacer.es\/blog\/blog-enlaces\/\",\"name\":\"ENLACES - QMPH-Blog\",\"isPartOf\":{\"@id\":\"http:\/\/quemalpuedehacer.es\/blog\/#website\"},\"datePublished\":\"2014-01-05T10:30:59+00:00\",\"dateModified\":\"2015-06-21T10:00:10+00:00\",\"description\":\"Enlaces interesantes para los lectores de \\u00bfQu\\u00e9 mal puede hacer?\",\"breadcrumb\":{\"@id\":\"http:\/\/quemalpuedehacer.es\/blog\/blog-enlaces\/#breadcrumb\"},\"inLanguage\":\"es\",\"potentialAction\":[{\"@type\":\"ReadAction\",\"target\":[\"http:\/\/quemalpuedehacer.es\/blog\/blog-enlaces\/\"]}]},{\"@type\":\"BreadcrumbList\",\"@id\":\"http:\/\/quemalpuedehacer.es\/blog\/blog-enlaces\/#breadcrumb\",\"itemListElement\":[{\"@type\":\"ListItem\",\"position\":1,\"item\":{\"@type\":\"WebPage\",\"@id\":\"http:\/\/quemalpuedehacer.es\/blog\/\",\"url\":\"http:\/\/quemalpuedehacer.es\/blog\/\",\"name\":\"Portada\"}},{\"@type\":\"ListItem\",\"position\":2,\"item\":{\"@type\":\"WebPage\",\"@id\":\"http:\/\/quemalpuedehacer.es\/blog\/blog-enlaces\/\",\"url\":\"http:\/\/quemalpuedehacer.es\/blog\/blog-enlaces\/\",\"name\":\"ENLACES\"}}]}]}<\/script>\n<!-- \/ Yoast SEO plugin. -->","jetpack_sharing_enabled":true,"_links":{"self":[{"href":"http:\/\/quemalpuedehacer.es\/blog\/wp-json\/wp\/v2\/pages\/16"}],"collection":[{"href":"http:\/\/quemalpuedehacer.es\/blog\/wp-json\/wp\/v2\/pages"}],"about":[{"href":"http:\/\/quemalpuedehacer.es\/blog\/wp-json\/wp\/v2\/types\/page"}],"author":[{"embeddable":true,"href":"http:\/\/quemalpuedehacer.es\/blog\/wp-json\/wp\/v2\/users\/1"}],"replies":[{"embeddable":true,"href":"http:\/\/quemalpuedehacer.es\/blog\/wp-json\/wp\/v2\/comments?post=16"}],"version-history":[{"count":0,"href":"http:\/\/quemalpuedehacer.es\/blog\/wp-json\/wp\/v2\/pages\/16\/revisions"}],"wp:attachment":[{"href":"http:\/\/quemalpuedehacer.es\/blog\/wp-json\/wp\/v2\/media?parent=16"}],"curies":[{"name":"wp","href":"https:\/\/api.w.org\/{rel}","templated":true}]}}