{"id":14,"date":"2014-01-05T11:27:41","date_gmt":"2014-01-05T10:27:41","guid":{"rendered":"http:\/\/quemalpuedehacer.es\/?page_id=14"},"modified":"2015-12-26T13:50:17","modified_gmt":"2015-12-26T12:50:17","slug":"blog-contacto","status":"publish","type":"page","link":"http:\/\/quemalpuedehacer.es\/blog\/blog-contacto\/","title":{"rendered":"CONTACTO"},"content":{"rendered":"<h3><em>Datos de contacto \/ redes sociales<br \/>\nde \u00bfQu\u00e9 mal puede hacer?:<\/em><\/h3>\n<p><strong>Autor:<\/strong> <em><a href=\"https:\/\/twitter.com\/tsartas_\" target=\"_blank\">Isidoro Mart\u00ednez V\u00e9lez<\/a><\/em><\/p>\n<h4>web principal<\/h4>\n<ul>\n<li><a title=\"\u00bfQu\u00e9 Mal Puede Hacer? Web Principal\" href=\"http:\/\/quemalpuedehacer.es\" target=\"_blank\">http:\/\/quemalpuedehacer.es<\/a><\/li>\n<\/ul>\n<h4>email<\/h4>\n<ul>\n<li>info@quemalpuedehacer.es (correo gen\u00e9rico)<\/li>\n<\/ul>\n<ul>\n<li>casos@quemalpuedehacer (Aqu\u00ed pueden enviar sus casos)<\/li>\n<\/ul>\n<h3>facebook<\/h3>\n<ul>\n<li><a title=\"\u00bfQu\u00e9 Mal Puede Hacer? en Facebook\" href=\"https:\/\/www.facebook.com\/quemalpuedehacer\" target=\"_blank\"> https:\/\/www.facebook.com\/quemalpuedehacer<\/a><\/li>\n<\/ul>\n<h4>google+<\/h4>\n<ul>\n<li><a title=\"\u00bfQu\u00e9 Mal Puede Hacer? en Google+\" href=\"http:\/\/google.com\/+QuemalpuedehacerEs\" target=\"_blank\">http:\/\/google.com\/+QuemalpuedehacerEs<\/a><\/li>\n<\/ul>\n<h4>twitter<\/h4>\n<ul>\n<li><a title=\"\u00bfQu\u00e9 Mal Puede Hacer? en Twitter\" href=\"https:\/\/twitter.com\/qmph_es\" target=\"_blank\">https:\/\/twitter.com\/qmph_es<\/a><\/li>\n<\/ul>\n<h4>logotipo<\/h4>\n<h6><a href=\"http:\/\/quemalpuedehacer.es\/blog\/wp-content\/uploads\/2014\/01\/logo-que-mal-puede-hacer.png\"><img loading=\"lazy\" class=\"alignnone size-full wp-image-26\" title=\"Pulsar para obtener el logotipo de \u00bfQu\u00e9 Mal Puede Hacer? con mayor resoluci\u00f3n.\" src=\"http:\/\/quemalpuedehacer.es\/blog\/wp-content\/uploads\/2014\/01\/logo_quemalpuedehacer.jpg\" alt=\"logo peque\u00f1o \u00bfQu\u00e9 Mal Puede Hacer? - Contacto\" width=\"128\" height=\"120\" \/><\/a> (Pulsar para obtener en mayor resoluci\u00f3n. Solicitar en caso de necesitar trazado)<\/h6>\n","protected":false},"excerpt":{"rendered":"<p>Datos de contacto \/ redes sociales de \u00bfQu\u00e9 mal puede hacer?: Autor: Isidoro Mart\u00ednez V\u00e9lez web principal http:\/\/quemalpuedehacer.es email info@quemalpuedehacer.es (correo gen\u00e9rico) casos@quemalpuedehacer (Aqu\u00ed pueden enviar sus casos) facebook https:\/\/www.facebook.com\/quemalpuedehacer google+ http:\/\/google.com\/+QuemalpuedehacerEs twitter https:\/\/twitter.com\/qmph_es logotipo (Pulsar para obtener en mayor&hellip;  <\/p>\n<p class=\"more-link\"><a href=\"http:\/\/quemalpuedehacer.es\/blog\/blog-contacto\/\">Seguir leyendo <span class=\"meta-nav\">&rarr;<\/span><\/a><\/p>\n","protected":false},"author":1,"featured_media":0,"parent":0,"menu_order":0,"comment_status":"closed","ping_status":"closed","template":"","meta":{"spay_email":""},"yoast_head":"<!-- This site is optimized with the Yoast SEO plugin v16.1.1 - https:\/\/yoast.com\/wordpress\/plugins\/seo\/ -->\n<meta name=\"description\" content=\"Datos de contacto y enlaces a las redes sociales de \u00bfQu\u00e9 mal puede hacer? ( facebook, google+ y twitter)\" \/>\n<link rel=\"canonical\" href=\"http:\/\/quemalpuedehacer.es\/blog\/blog-contacto\/\" \/>\n<script type=\"application\/ld+json\" class=\"yoast-schema-graph\">{\"@context\":\"https:\/\/schema.org\",\"@graph\":[{\"@type\":\"Organization\",\"@id\":\"https:\/\/quemalpuedehacer.es\/blog\/#organization\",\"name\":\"\\u00bfQu\\u00e9 mal puede hacer?\",\"url\":\"https:\/\/quemalpuedehacer.es\/blog\/\",\"sameAs\":[],\"logo\":{\"@type\":\"ImageObject\",\"@id\":\"https:\/\/quemalpuedehacer.es\/blog\/#logo\",\"inLanguage\":\"es\",\"url\":\"https:\/\/quemalpuedehacer.es\/blog\/wp-content\/uploads\/2014\/01\/logo-que-mal-puede-hacer.png\",\"contentUrl\":\"https:\/\/quemalpuedehacer.es\/blog\/wp-content\/uploads\/2014\/01\/logo-que-mal-puede-hacer.png\",\"width\":2700,\"height\":2343,\"caption\":\"\\u00bfQu\\u00e9 mal puede hacer?\"},\"image\":{\"@id\":\"https:\/\/quemalpuedehacer.es\/blog\/#logo\"}},{\"@type\":\"WebSite\",\"@id\":\"https:\/\/quemalpuedehacer.es\/blog\/#website\",\"url\":\"https:\/\/quemalpuedehacer.es\/blog\/\",\"name\":\"\\u00bfQu\\u00e9 mal puede hacer? Blog\",\"description\":\"Contra las pseudociencias y los da\\u00f1os que causan\",\"publisher\":{\"@id\":\"https:\/\/quemalpuedehacer.es\/blog\/#organization\"},\"potentialAction\":[{\"@type\":\"SearchAction\",\"target\":\"https:\/\/quemalpuedehacer.es\/blog\/?s={search_term_string}\",\"query-input\":\"required name=search_term_string\"}],\"inLanguage\":\"es\"},{\"@type\":\"ImageObject\",\"@id\":\"http:\/\/quemalpuedehacer.es\/blog\/blog-contacto\/#primaryimage\",\"inLanguage\":\"es\",\"url\":\"http:\/\/quemalpuedehacer.es\/blog\/wp-content\/uploads\/2014\/01\/logo_quemalpuedehacer.jpg\",\"contentUrl\":\"http:\/\/quemalpuedehacer.es\/blog\/wp-content\/uploads\/2014\/01\/logo_quemalpuedehacer.jpg\",\"width\":128,\"height\":120,\"caption\":\"logo_quemalpuedehacer_peque\\u00f1o\"},{\"@type\":\"WebPage\",\"@id\":\"http:\/\/quemalpuedehacer.es\/blog\/blog-contacto\/#webpage\",\"url\":\"http:\/\/quemalpuedehacer.es\/blog\/blog-contacto\/\",\"name\":\"CONTACTO - QMPH-Blog\",\"isPartOf\":{\"@id\":\"https:\/\/quemalpuedehacer.es\/blog\/#website\"},\"primaryImageOfPage\":{\"@id\":\"http:\/\/quemalpuedehacer.es\/blog\/blog-contacto\/#primaryimage\"},\"datePublished\":\"2014-01-05T10:27:41+00:00\",\"dateModified\":\"2015-12-26T12:50:17+00:00\",\"description\":\"Datos de contacto y enlaces a las redes sociales de \\u00bfQu\\u00e9 mal puede hacer? ( facebook, google+ y twitter)\",\"breadcrumb\":{\"@id\":\"http:\/\/quemalpuedehacer.es\/blog\/blog-contacto\/#breadcrumb\"},\"inLanguage\":\"es\",\"potentialAction\":[{\"@type\":\"ReadAction\",\"target\":[\"http:\/\/quemalpuedehacer.es\/blog\/blog-contacto\/\"]}]},{\"@type\":\"BreadcrumbList\",\"@id\":\"http:\/\/quemalpuedehacer.es\/blog\/blog-contacto\/#breadcrumb\",\"itemListElement\":[{\"@type\":\"ListItem\",\"position\":1,\"item\":{\"@type\":\"WebPage\",\"@id\":\"https:\/\/quemalpuedehacer.es\/blog\/\",\"url\":\"https:\/\/quemalpuedehacer.es\/blog\/\",\"name\":\"Portada\"}},{\"@type\":\"ListItem\",\"position\":2,\"item\":{\"@type\":\"WebPage\",\"@id\":\"http:\/\/quemalpuedehacer.es\/blog\/blog-contacto\/\",\"url\":\"http:\/\/quemalpuedehacer.es\/blog\/blog-contacto\/\",\"name\":\"CONTACTO\"}}]}]}<\/script>\n<!-- \/ Yoast SEO plugin. -->","jetpack_sharing_enabled":false,"_links":{"self":[{"href":"http:\/\/quemalpuedehacer.es\/blog\/wp-json\/wp\/v2\/pages\/14"}],"collection":[{"href":"http:\/\/quemalpuedehacer.es\/blog\/wp-json\/wp\/v2\/pages"}],"about":[{"href":"http:\/\/quemalpuedehacer.es\/blog\/wp-json\/wp\/v2\/types\/page"}],"author":[{"embeddable":true,"href":"http:\/\/quemalpuedehacer.es\/blog\/wp-json\/wp\/v2\/users\/1"}],"replies":[{"embeddable":true,"href":"http:\/\/quemalpuedehacer.es\/blog\/wp-json\/wp\/v2\/comments?post=14"}],"version-history":[{"count":0,"href":"http:\/\/quemalpuedehacer.es\/blog\/wp-json\/wp\/v2\/pages\/14\/revisions"}],"wp:attachment":[{"href":"http:\/\/quemalpuedehacer.es\/blog\/wp-json\/wp\/v2\/media?parent=14"}],"curies":[{"name":"wp","href":"https:\/\/api.w.org\/{rel}","templated":true}]}}